{"id":9,"date":"2020-02-08T21:25:10","date_gmt":"2020-02-08T20:25:10","guid":{"rendered":"https:\/\/emotionalenachbarschaft.ukw.edu.pl\/?page_id=9"},"modified":"2020-02-22T12:40:34","modified_gmt":"2020-02-22T11:40:34","slug":"strona-glowna","status":"publish","type":"page","link":"https:\/\/emotionalenachbarschaft.ukw.edu.pl\/","title":{"rendered":"Homepage"},"content":{"rendered":"\n<h4>\u00dcber das Projekt<\/h4>\n\n\n<p style=\"text-align: justify;\">Trotz geographischer N\u00e4he ist zwischen der deutschen und der polnischen Kommunikationsgemeinschaft nicht selten kommunikative Distanz erkennbar. Politische und wirtschaftliche Asymmetrien zwischen den beiden Nachbarl\u00e4ndern \u2013 oft durch die Last der Geschichte potenziert \u2013 k\u00f6nnen in der \u00f6ffentlichen Kommunikation zu Dimensionen werden, die Affekte ausl\u00f6sen und die mit emotionalem Erleben verbunden sind. Es kann zur Folge haben, dass beide Gemeinschaften \u2013 Partner im vereinten Europa \u2013 ein mangelhaftes bzw. verf\u00e4lschtes Wissen voneinander haben.<\/p>\n<hr>\n\n\n<p><a href=\"https:\/\/emotionalenachbarschaft.ukw.edu.pl\/?page_id=34\">Lesen Sie mehr<\/a><\/p>\n","protected":false},"excerpt":{"rendered":"<p>\u00dcber das Projekt Trotz geographischer N\u00e4he ist zwischen der deutschen und der polnischen Kommunikationsgemeinschaft nicht selten kommunikative Distanz erkennbar. Politische und wirtschaftliche Asymmetrien zwischen den beiden Nachbarl\u00e4ndern \u2013 oft durch die Last der Geschichte potenziert \u2013 k\u00f6nnen in der \u00f6ffentlichen Kommunikation zu Dimensionen werden, die Affekte ausl\u00f6sen und die mit<a class=\"moretag\" href=\"https:\/\/emotionalenachbarschaft.ukw.edu.pl\/\"> Weiterlesen<\/a><\/p>\n","protected":false},"author":1,"featured_media":0,"parent":0,"menu_order":0,"comment_status":"closed","ping_status":"closed","template":"","meta":[],"_links":{"self":[{"href":"https:\/\/emotionalenachbarschaft.ukw.edu.pl\/index.php?rest_route=\/wp\/v2\/pages\/9"}],"collection":[{"href":"https:\/\/emotionalenachbarschaft.ukw.edu.pl\/index.php?rest_route=\/wp\/v2\/pages"}],"about":[{"href":"https:\/\/emotionalenachbarschaft.ukw.edu.pl\/index.php?rest_route=\/wp\/v2\/types\/page"}],"author":[{"embeddable":true,"href":"https:\/\/emotionalenachbarschaft.ukw.edu.pl\/index.php?rest_route=\/wp\/v2\/users\/1"}],"replies":[{"embeddable":true,"href":"https:\/\/emotionalenachbarschaft.ukw.edu.pl\/index.php?rest_route=%2Fwp%2Fv2%2Fcomments&post=9"}],"version-history":[{"count":16,"href":"https:\/\/emotionalenachbarschaft.ukw.edu.pl\/index.php?rest_route=\/wp\/v2\/pages\/9\/revisions"}],"predecessor-version":[{"id":225,"href":"https:\/\/emotionalenachbarschaft.ukw.edu.pl\/index.php?rest_route=\/wp\/v2\/pages\/9\/revisions\/225"}],"wp:attachment":[{"href":"https:\/\/emotionalenachbarschaft.ukw.edu.pl\/index.php?rest_route=%2Fwp%2Fv2%2Fmedia&parent=9"}],"curies":[{"name":"wp","href":"https:\/\/api.w.org\/{rel}","templated":true}]}}