{"id":36,"date":"2020-02-08T21:52:57","date_gmt":"2020-02-08T20:52:57","guid":{"rendered":"https:\/\/emotionalenachbarschaft.ukw.edu.pl\/?page_id=36"},"modified":"2020-02-22T13:23:38","modified_gmt":"2020-02-22T12:23:38","slug":"zespol-badawczy","status":"publish","type":"page","link":"https:\/\/emotionalenachbarschaft.ukw.edu.pl\/?page_id=36","title":{"rendered":"Unser Forschungsteam"},"content":{"rendered":"<section class=\"hestia-team \" id=\"team\" data-sorder=\"hestia_team\">\n<div class=\"container\">\n<div class=\"hestia-team-content\">\n<div class=\"row\">\n<div class=\"col-xs-12 col-ms-6 col-sm-6\">\n<div class=\"card card-profile card-plain\">\n<div class=\"col-md-5\">\n<div class=\"card-image\"><a href=\"https:\/\/www.ukw.edu.pl\/pracownicy\/strona\/jacek_szczepaniak\/\" target=\"_blank\" rel=\"noopener noreferrer\"><img class=\"img\" src=\"https:\/\/emotionalenachbarschaft.ukw.edu.pl\/wp-content\/uploads\/2020\/02\/d-760.jpg\" alt=\"dr hab. Jacek Szczepaniak, prof. uczelni\" title=\"dr hab. Jacek Szczepaniak, prof. uczelni\" \/><\/a><\/div>\n<\/div>\n<div class=\"col-md-7\">\n<div class=\"content\">\n<h4 class=\"card-title\">Prof. Dr. habil. Jacek Szczepaniak<\/h4>\n<h6 class=\"category text-muted\">Projektleiter &#8211; Kazimierz Wielki-Universit\u00e4t Bydgoszcz<\/h6>\n<p class=\"card-description\">Lehrstuhl f\u00fcr sprachliche Kommunikation<br \/>\njacek.szczepaniak@ukw.edu.pl<\/p>\n<p><a href=\"https:\/\/www.ukw.edu.pl\/pracownicy\/strona\/jacek_szczepaniak\/\" target=\"_blank\" rel=\"noopener noreferrer\"> <\/a><\/p>\n<\/div>\n<\/div>\n<\/div>\n<\/div>\n<div class=\"col-xs-12 col-ms-6 col-sm-6\">\n<div class=\"card card-profile card-plain\">\n<div class=\"col-md-5\">\n<div class=\"card-image\"><a href=\"https:\/\/www.intergerm.uni-bayreuth.de\/de\/team\/schiewer-g\/index.php\" target=\"_blank\" rel=\"noopener noreferrer\"><img class=\"img\" src=\"https:\/\/emotionalenachbarschaft.ukw.edu.pl\/wp-content\/uploads\/2020\/02\/Gesine-Lenore-Schiewer.jpg\" alt=\"prof. dr. Gesine Lenore Schiewer\" title=\"prof. dr. Gesine Lenore Schiewer\" \/><\/a><\/div>\n<\/div>\n<div class=\"col-md-7\">\n<div class=\"content\">\n<h4 class=\"card-title\">Prof. Dr. Gesine Lenore Schiewer<\/h4>\n<h6 class=\"category text-muted\">Projektleiterin Universit\u00e4t Bayreuth<\/h6>\n<p class=\"card-description\">Lehrstuhl Interkulturelle Germanistik, Pr\u00e4sidentin der Gesellschaft f\u00fcr interkulturelle Germanistik GiG e.V., Direktorin des Internationalen Forschungszentrums Chamisso an der LMU M\u00fcnchen, Titularprofessorin an der Universit\u00e4t Bern (Schweiz).<br \/>\ngesine.schiewer@uni-bayreuth.de<\/p>\n<p><a href=\"https:\/\/www.intergerm.uni-bayreuth.de\/de\/team\/schiewer-g\/index.php\" target=\"_blank\" rel=\"noopener noreferrer\"> <\/a><\/p>\n<\/div>\n<\/div>\n<\/div>\n<\/div>\n<div class=\"col-xs-12 col-ms-6 col-sm-6\">\n<div class=\"card card-profile card-plain\">\n<div class=\"col-md-5\">\n<div class=\"card-image\"><a href=\"https:\/\/www.ukw.edu.pl\/pracownicy\/strona\/janusz_pociask\/\" target=\"_blank\" rel=\"noopener noreferrer\"><img class=\"img\" src=\"https:\/\/emotionalenachbarschaft.ukw.edu.pl\/wp-content\/uploads\/2020\/02\/d-1044.jpg\" alt=\"dr Janusz Pociask\" title=\"dr Janusz Pociask\" \/><\/a><\/div>\n<\/div>\n<div class=\"col-md-7\">\n<div class=\"content\">\n<h4 class=\"card-title\">Dr. Ph. Janusz Pociask<\/h4>\n<h6 class=\"category text-muted\">wissenschaftlicher Mitarbeiter, Lehrstuhl f\u00fcr sprachliche Kommunikation<\/h6>\n<p class=\"card-description\">pociask@ukw.edu.pl<\/p>\n<p><a href=\"https:\/\/www.ukw.edu.pl\/pracownicy\/strona\/janusz_pociask\/\" target=\"_blank\" rel=\"noopener noreferrer\"> <\/a><\/p>\n<\/div>\n<\/div>\n<\/div>\n<\/div>\n<div class=\"col-xs-12 col-ms-6 col-sm-6\">\n<div class=\"card card-profile card-plain\">\n<div class=\"col-md-5\">\n<div class=\"card-image\"><a href=\"https:\/\/www.ukw.edu.pl\/pracownicy\/strona\/skowalewski\/\" target=\"_blank\" rel=\"noopener noreferrer\"><img class=\"img\" src=\"https:\/\/emotionalenachbarschaft.ukw.edu.pl\/wp-content\/uploads\/2020\/02\/S\u0142awomir_Kowalewski.jpg\" alt=\"mgr S\u0142awomir Kowalewski\" title=\"mgr S\u0142awomir Kowalewski\" \/><\/a><\/div>\n<\/div>\n<div class=\"col-md-7\">\n<div class=\"content\">\n<h4 class=\"card-title\">S\u0142awomir Kowalewski, M.A.<\/h4>\n<h6 class=\"category text-muted\">wissenschaftlicher Mitarbeiter, Lehrstuhl f\u00fcr sprachliche Kommunikation<\/h6>\n<p class=\"card-description\">szamn22@ukw.edu.pl<\/p>\n<p><a href=\"https:\/\/www.ukw.edu.pl\/pracownicy\/strona\/skowalewski\/\" target=\"_blank\" rel=\"noopener noreferrer\"> <\/a><\/p>\n<\/div>\n<\/div>\n<\/div>\n<\/div>\n<div class=\"col-xs-12 col-ms-6 col-sm-6\">\n<div class=\"card card-profile card-plain\">\n<div class=\"col-md-5\">\n<div class=\"card-image\"><a href=\"http:\/\/instytutjezykoznawstwa.wfil.uni.opole.pl\/dr-jaroslaw-bogacki\/\"><img loading=\"lazy\" src=\"https:\/\/emotionalenachbarschaft.ukw.edu.pl\/wp-content\/uploads\/2020\/02\/drbogacki3.jpg\" alt=\"\" class=\"alignnone size-full wp-image-184\" width=\"600\" height=\"600\" srcset=\"https:\/\/emotionalenachbarschaft.ukw.edu.pl\/wp-content\/uploads\/2020\/02\/drbogacki3.jpg 600w, https:\/\/emotionalenachbarschaft.ukw.edu.pl\/wp-content\/uploads\/2020\/02\/drbogacki3-300x300.jpg 300w, https:\/\/emotionalenachbarschaft.ukw.edu.pl\/wp-content\/uploads\/2020\/02\/drbogacki3-150x150.jpg 150w\" sizes=\"(max-width: 600px) 100vw, 600px\" \/><\/a><\/div>\n<\/div>\n<div class=\"col-md-7\">\n<div class=\"content\">\n<h4 class=\"card-title\">Dr. Ph. Jaros\u0142aw Bogacki<\/h4>\n<h6 class=\"category text-muted\">wissenschaftlicher Mitarbeiter, Lehrstuhl Interkulturelle Germanistik \/ Lehrstuhl f\u00fcr deutsche Sprache (Universit\u00e4t Opole)<\/h6>\n<p class=\"card-description\">Jaroslaw1.Bogacki@uni-bayreuth.de<\/p>\n<p><a href=\"https:\/\/usosweb.uni.opole.pl\/kontroler.php?_action=katalog2\/osoby\/pokazOsobe&amp;os_id=24999\" target=\"_blank\" rel=\"noopener noreferrer\"> <\/a><\/p>\n<\/div>\n<\/div>\n<\/div>\n<\/div>\n<\/div>\n<\/div>\n<\/div>\n<\/section>\n","protected":false},"excerpt":{"rendered":"<p>Prof. Dr. habil. Jacek Szczepaniak Projektleiter &#8211; Kazimierz Wielki-Universit\u00e4t Bydgoszcz Lehrstuhl f\u00fcr sprachliche Kommunikation jacek.szczepaniak@ukw.edu.pl Prof. Dr. Gesine Lenore Schiewer Projektleiterin Universit\u00e4t Bayreuth Lehrstuhl Interkulturelle Germanistik, Pr\u00e4sidentin der Gesellschaft f\u00fcr interkulturelle Germanistik GiG e.V., Direktorin des Internationalen Forschungszentrums Chamisso an der LMU M\u00fcnchen, Titularprofessorin an der Universit\u00e4t Bern (Schweiz). gesine.schiewer@uni-bayreuth.de<a class=\"moretag\" href=\"https:\/\/emotionalenachbarschaft.ukw.edu.pl\/?page_id=36\"> Weiterlesen<\/a><\/p>\n","protected":false},"author":1,"featured_media":0,"parent":0,"menu_order":0,"comment_status":"closed","ping_status":"closed","template":"","meta":[],"_links":{"self":[{"href":"https:\/\/emotionalenachbarschaft.ukw.edu.pl\/index.php?rest_route=\/wp\/v2\/pages\/36"}],"collection":[{"href":"https:\/\/emotionalenachbarschaft.ukw.edu.pl\/index.php?rest_route=\/wp\/v2\/pages"}],"about":[{"href":"https:\/\/emotionalenachbarschaft.ukw.edu.pl\/index.php?rest_route=\/wp\/v2\/types\/page"}],"author":[{"embeddable":true,"href":"https:\/\/emotionalenachbarschaft.ukw.edu.pl\/index.php?rest_route=\/wp\/v2\/users\/1"}],"replies":[{"embeddable":true,"href":"https:\/\/emotionalenachbarschaft.ukw.edu.pl\/index.php?rest_route=%2Fwp%2Fv2%2Fcomments&post=36"}],"version-history":[{"count":36,"href":"https:\/\/emotionalenachbarschaft.ukw.edu.pl\/index.php?rest_route=\/wp\/v2\/pages\/36\/revisions"}],"predecessor-version":[{"id":248,"href":"https:\/\/emotionalenachbarschaft.ukw.edu.pl\/index.php?rest_route=\/wp\/v2\/pages\/36\/revisions\/248"}],"wp:attachment":[{"href":"https:\/\/emotionalenachbarschaft.ukw.edu.pl\/index.php?rest_route=%2Fwp%2Fv2%2Fmedia&parent=36"}],"curies":[{"name":"wp","href":"https:\/\/api.w.org\/{rel}","templated":true}]}}