{"id":2,"date":"2020-02-08T20:25:12","date_gmt":"2020-02-08T19:25:12","guid":{"rendered":"https:\/\/emotionalenachbarschaft.ukw.edu.pl\/?page_id=2"},"modified":"2020-02-29T11:59:19","modified_gmt":"2020-02-29T10:59:19","slug":"przykladowa-strona","status":"publish","type":"page","link":"https:\/\/emotionalenachbarschaft.ukw.edu.pl\/?page_id=2","title":{"rendered":"Partner"},"content":{"rendered":"<p><a href=\"https:\/\/ukw.edu.pl\" target=\"_blank\" rel=\"noopener noreferrer\"><img loading=\"lazy\" src=\"https:\/\/emotionalenachbarschaft.ukw.edu.pl\/wp-content\/uploads\/2020\/02\/UKW-300x162.jpg\" alt=\"\" class=\"size-medium wp-image-98 alignleft\" width=\"300\" height=\"162\" srcset=\"https:\/\/emotionalenachbarschaft.ukw.edu.pl\/wp-content\/uploads\/2020\/02\/UKW-300x162.jpg 300w, https:\/\/emotionalenachbarschaft.ukw.edu.pl\/wp-content\/uploads\/2020\/02\/UKW.jpg 700w\" sizes=\"(max-width: 300px) 100vw, 300px\" \/><\/a><\/p>\n<p style=\"text-align: justify;\">Die Kazimierz-Wielki-Universit\u00e4t ist eine der j\u00fcngsten Universit\u00e4ten in Polen mit einem breit gef\u00e4cherten Studienangebot und Forschungsprofil. In dieser Form begann sie ihre Lehr- und Forschungst\u00e4tigkeiten am 1. September 2005, wobei dahinter eine 50-j\u00e4hrige Tradition steckt, Tradition, deren Urspr\u00fcnge sich auf das Jahr 1969 zur\u00fcckf\u00fchren lassen. Die Kazimierz-Wielki-Universit\u00e4t ist eine sich dynamisch entwickelnde Hochschule. Bez\u00fcglich der Anzahl der Professoren, Studieng\u00e4nge und Bildungsformen sowie der Anzahl der Studierenden und AbsolventInnen ist sie die gr\u00f6\u00dfte Hochschule in der Stadt und die zweitgr\u00f6\u00dfte in der Region Kujawien-Pommern. Besonderer Wert wird auf die Entwicklung des Personals gelegt, das an Schulungen und Forschungsprojekten teilnimmt und mit polnischen und ausl\u00e4ndischen Institutionen arbeitet. Die Universit\u00e4t verf\u00fcgt \u00fcber ein reiches Ausbildungspotenzial mit fast 60 Studieng\u00e4ngen.<\/p>\n<p style=\"text-align: justify;\"><\/p>\n\n\n<hr class=\"wp-block-separator is-style-wide\"\/>\n\n\n<p style=\"text-align: justify;\"><a href=\"https:\/\/www.uni-bayreuth.de\" target=\"_blank\" rel=\"noopener noreferrer\"><img loading=\"lazy\" src=\"https:\/\/emotionalenachbarschaft.ukw.edu.pl\/wp-content\/uploads\/2020\/02\/Universit\u00e4t_Bayreuth.svg_-300x93.png\" alt=\"\" class=\"size-medium wp-image-101 alignleft\" width=\"300\" height=\"93\" srcset=\"https:\/\/emotionalenachbarschaft.ukw.edu.pl\/wp-content\/uploads\/2020\/02\/Universit\u00e4t_Bayreuth.svg_-300x93.png 300w, https:\/\/emotionalenachbarschaft.ukw.edu.pl\/wp-content\/uploads\/2020\/02\/Universit\u00e4t_Bayreuth.svg_.png 534w\" sizes=\"(max-width: 300px) 100vw, 300px\" \/><\/a>Die Universit\u00e4t Bayreuth ist eine der j\u00fcngsten Universit\u00e4ten in Deutschland. Seit ihrer Er\u00f6ffnung im Jahre 1975 hat sie sich zu einer leistungsstarken Hochschule entwickelt, die \u00fcber ein dichtes Netz internationaler Hochschulpartnerschaften und Forschungskooperationen verf\u00fcgt.<\/p>\n<p style=\"text-align: justify;\">Individuelle Betreuung, hohe Leistungsstandards und eine entschiedene Ausrichtung an beruflichen Chancen und Perspektiven bestimmen das Studienangebot. Es reicht von den Natur- und Ingenieurwissenschaften \u00fcber die Rechts- und Wirtschaftswissenschaften bis hin zu den Sprach-, Literatur- und Kulturwissenschaften und wird best\u00e4ndig weiterentwickelt.<br \/>In ihrer organisatorischen Struktur ist die Universit\u00e4t Bayreuth mit ihren sechs Fakult\u00e4ten und ihren zahlreichen Forschungseinrichtungen auf f\u00e4cher\u00fcbergreifende Kooperationen angelegt. Die Interdisziplinarit\u00e4t in Forschung und Lehre, die auch durch die kurzen Entfernungen auf dem Bayreuther \u201eCampus im Gr\u00fcnen\u201c gef\u00f6rdert wird, geht einher mit der gezielten Herausbildung von Forschungsschwerpunkten. In regionaler wie \u00fcberregionaler Hinsicht versteht sich die Universit\u00e4t Bayreuth als wichtiger Transfer-Faktor f\u00fcr Wissenschaft, Kultur und Technologie.<\/p>\n<hr \/>\n<p style=\"text-align: justify;\"><img loading=\"lazy\" src=\"https:\/\/emotionalenachbarschaft.ukw.edu.pl\/wp-content\/uploads\/2020\/02\/PNFN.jpg\" alt=\"\" class=\"wp-image-192 alignleft\" width=\"340\" height=\"175\" \/>Die Deutsch-Polnische Wissenschaftsstiftung entstand aus dem Willen, die Zusammenarbeit zwischen Deutschland und Polen im Bereich der Wissenschaft zu st\u00e4rken. Anliegen der Stifter \u2013 des Bundes, vertreten durch das Bundesministerium f\u00fcr Bildung und Forschung (BMBF), des Landes Brandenburg und auch Polens \u2013 ist die F\u00f6rderung der V\u00f6lkerverst\u00e4ndigung und der europ\u00e4ischen Integration durch die Zusammenarbeit zwischen Studierenden, WissenschaftlerInnen und ForscherInnen beider L\u00e4nder. Die Stiftung f\u00f6rdert Projekte und Vorhaben im Bereich von Wissenschaft und Forschung, die einen Beitrag zur V\u00f6lkerverst\u00e4ndigung und damit zur europ\u00e4ischen Integration leisten. Bei diesem gesamtstaatlichen Anliegen kommt Projekten, die aus der deutsch-polnischen Grenzregion hervorgehen, eine besondere Bedeutung zu. Die Stiftung f\u00f6rdert Vorhaben im Bereich der Geistes-, Kultur-, Rechts-, Sozial- und Wirtschaftswissenschaften, die in deutsch-polnischer Zusammenarbeit von Studierenden und WissenschaftleriInnen beider L\u00e4nder entwickelt und umgesetzt werden. Gef\u00f6rdert werden u. a. Forschungsprojekte, Tagungen und andere Stipendienprogramme. F\u00fcr Antr\u00e4ge auf Forschungsprojekte hat die Stiftung vier thematische Schwerpunkte definiert: Europ\u00e4isierungsprozesse, Kultur- und Wissenstransfer, Mehrsprachigkeit sowie Normen- und Wertewandel. Au\u00dfer Forschungsvorhaben werden auch wissenschaftliche Veranstaltungen und einige Stipendienprogramme unterst\u00fctzt.<\/p>","protected":false},"excerpt":{"rendered":"<p>Die Kazimierz-Wielki-Universit\u00e4t ist eine der j\u00fcngsten Universit\u00e4ten in Polen mit einem breit gef\u00e4cherten Studienangebot und Forschungsprofil. In dieser Form begann sie ihre Lehr- und Forschungst\u00e4tigkeiten am 1. September 2005, wobei dahinter eine 50-j\u00e4hrige Tradition steckt, Tradition, deren Urspr\u00fcnge sich auf das Jahr 1969 zur\u00fcckf\u00fchren lassen. Die Kazimierz-Wielki-Universit\u00e4t ist eine sich<a class=\"moretag\" href=\"https:\/\/emotionalenachbarschaft.ukw.edu.pl\/?page_id=2\"> Weiterlesen<\/a><\/p>\n","protected":false},"author":1,"featured_media":0,"parent":0,"menu_order":0,"comment_status":"closed","ping_status":"open","template":"","meta":[],"_links":{"self":[{"href":"https:\/\/emotionalenachbarschaft.ukw.edu.pl\/index.php?rest_route=\/wp\/v2\/pages\/2"}],"collection":[{"href":"https:\/\/emotionalenachbarschaft.ukw.edu.pl\/index.php?rest_route=\/wp\/v2\/pages"}],"about":[{"href":"https:\/\/emotionalenachbarschaft.ukw.edu.pl\/index.php?rest_route=\/wp\/v2\/types\/page"}],"author":[{"embeddable":true,"href":"https:\/\/emotionalenachbarschaft.ukw.edu.pl\/index.php?rest_route=\/wp\/v2\/users\/1"}],"replies":[{"embeddable":true,"href":"https:\/\/emotionalenachbarschaft.ukw.edu.pl\/index.php?rest_route=%2Fwp%2Fv2%2Fcomments&post=2"}],"version-history":[{"count":15,"href":"https:\/\/emotionalenachbarschaft.ukw.edu.pl\/index.php?rest_route=\/wp\/v2\/pages\/2\/revisions"}],"predecessor-version":[{"id":255,"href":"https:\/\/emotionalenachbarschaft.ukw.edu.pl\/index.php?rest_route=\/wp\/v2\/pages\/2\/revisions\/255"}],"wp:attachment":[{"href":"https:\/\/emotionalenachbarschaft.ukw.edu.pl\/index.php?rest_route=%2Fwp%2Fv2%2Fmedia&parent=2"}],"curies":[{"name":"wp","href":"https:\/\/api.w.org\/{rel}","templated":true}]}}